{"id":24,"date":"2018-08-22T23:34:01","date_gmt":"2018-08-22T23:34:01","guid":{"rendered":"https:\/\/gpsites.co\/article\/?page_id=24"},"modified":"2024-06-17T19:38:39","modified_gmt":"2024-06-17T17:38:39","slug":"home","status":"publish","type":"page","link":"https:\/\/cuadernocrepitante.com\/","title":{"rendered":"Inicio"},"content":{"rendered":"\n<p>Imagina que alguien est\u00e1 valorando la posibilidad de acudir a una cl\u00ednica dental.<\/p>\n\n\n\n<p>Quiere solucionar un problema que le atormenta, tiene los dientes torcidos.<\/p>\n\n\n\n<p>Algo que le acompleja y afecta a su calidad de vida.<\/p>\n\n\n\n<p>Y se encuentra ante dos textos,&nbsp;<\/p>\n\n\n\n<p><br>Texto A:<br><\/p>\n\n\n\n<p class=\"has-text-align-left\">\u201cM\u00e1s de 10 a\u00f1os de experiencia en el sector. Tu satisfacci\u00f3n es nuestro \u00e9xito, te ofrecemos todo lo que necesitas para la salud bucal. Ponemos a tu disposici\u00f3n los mejores profesionales, no busques m\u00e1s. Ll\u00e1manos. Te esperamos\u201d<br><\/p>\n\n\n\n<p>Texto B:<\/p>\n\n\n\n<p><br>&#8220;Sentirte atractivo en una cita rom\u00e1ntica, proyectar seguridad con una sonrisa en una entrevista de trabajo o enfrentarte sin miedo a la c\u00e1mara en la creaci\u00f3n de tus contenidos es lo que realmente deseas y eso es lo que te ofrecemos. Nos dedicamos a eliminar el desgaste emocional que sufres por tu falta de seguridad en tu dia a dia.\u201d<\/p>\n\n\n\n<p><br>\u00bfCu\u00e1l de los dos te parece m\u00e1s atractivo?<\/p>\n\n\n\n<p>A m\u00ed tambi\u00e9n.<\/p>\n\n\n\n<p><\/p>\n\n\n\n<p>Por supuesto, puedes seguir con tu estrategia de &#8216;esperar a ver qu\u00e9 pasa&#8217;, mientras paladeas el dulce sabor de la mediocridad.<\/p>\n\n\n\n<p><\/p>\n\n\n\n<h3 class=\"wp-block-heading\"><br>Soy Arturo Rosales. Copywriter.<br><\/h3>\n\n\n\n<p>Me dedico a limpiar cristales.<br><\/p>\n\n\n\n<p>Si, los cristales de los escaparates virtuales de las webs de gente como t\u00fa.<\/p>\n\n\n\n<p><br>El producto que utilizo, para esta limpieza, hace muchos a\u00f1os que fu\u00e9 inventado.<br><\/p>\n\n\n\n<p>Es el mejor limpiador de cristales jam\u00e1s concebido. Probado cient\u00edficamente por los mejores limpiadores de cristales.<br><\/p>\n\n\n\n<p>Gracias a este producto empresas de todo el mundo han generado millones en facturaci\u00f3n y beneficios.<\/p>\n\n\n\n<p>El limpiador de cristales se llama <em>Copywriting<\/em>.<\/p>\n\n\n\n<blockquote class=\"wp-block-quote is-layout-flow wp-block-quote-is-layout-flow\">\n<p><strong><em>La principal misi\u00f3n del Copywriting es que los clientes no te puedan ignorar<\/em><\/strong><\/p>\n<\/blockquote>\n\n\n\n<p><br><\/p>\n\n\n\n<p>Los medios de difusi\u00f3n han cambiado.<br><\/p>\n\n\n\n<p>La consolidaci\u00f3n de internet, el auge de las Redes Sociales o las nuevas t\u00e9cnicas de comunicaci\u00f3n, entre otros, te obligan a adaptar tus estrategias de marketing a los nuevos tiempos.<br><\/p>\n\n\n\n<p>Pero hay algo que no ha cambiado.<br><\/p>\n\n\n\n<p>Nosotros, los seres humanos.<br><\/p>\n\n\n\n<p>Los desencadenantes psicol\u00f3gicos siguen siendo los mismos.<br><\/p>\n\n\n\n<p>Esos mecanismos mentales que se activan para tomar la decisi\u00f3n de comprar un producto o contratar un servicio, siguen ah\u00ed.<br><\/p>\n\n\n\n<p>Por tanto.<br><\/p>\n\n\n\n<p>Los principios y estrategias atemporales del marketing, en general y del copywriting en particular, pueden adaptarse para aplicarse a cualquier medio.<\/p>\n\n\n\n<p><\/p>\n\n\n\n<p><br><\/p>\n\n\n\n<p>Quiz\u00e1 hayas pasado por el mal trago de lanzar una web de la que te sientes orgulloso y &#8230; (sonido de grillos)<br><\/p>\n\n\n\n<p>Hay pocas cosas m\u00e1s decepcionantes que una gran idea a la que nadie presta atenci\u00f3n.<br><\/p>\n\n\n\n<p>Has dedicado un gran esfuerzo y recursos en crear un producto excepcional.<\/p>\n\n\n\n<p>Has invertido tiempo y pasi\u00f3n en tu proyecto, pero el mercado no percibe tu oferta como algo interesante.<br><\/p>\n\n\n\n<p>Esto le sucede a muchos emprendedores talentosos.<\/p>\n\n\n\n<p><br>La frustraci\u00f3n, el estr\u00e9s y la desilusi\u00f3n provocan el abandono de ideas brillantes que nunca ver\u00e1n la luz.<\/p>\n\n\n\n<p><br>Negocios con una propuesta excepcional se estrellan con un muro, la indiferencia del mercado.<\/p>\n\n\n\n<p>Piensa esto.<\/p>\n\n\n\n<blockquote class=\"wp-block-quote is-layout-flow wp-block-quote-is-layout-flow\">\n<p><strong><em>Del mismo modo que nadie entrar\u00eda en una tienda cuyo escaparate desprende mal aspecto, nadie se parar\u00e1 a leer lo que hay en una web con unos textos poco trabajados.<\/em><\/strong><\/p>\n<\/blockquote>\n\n\n\n<p>Empresas que gastan miles de euros en crear sus sitios web a menudo quedan completamente desconcertadas cuando su negocio no obtiene los resultados esperados:<\/p>\n\n\n\n<ul class=\"wp-block-list\">\n<li>No reciben suficiente tr\u00e1fico<\/li>\n\n\n\n<li> No aparecen en Google (o aparecen muy lejos de las primeras posiciones)<\/li>\n\n\n\n<li> Los visitantes pasan muy poco tiempo en su sitio<\/li>\n\n\n\n<li>O, peor a\u00fan, no compran sus productos.<\/li>\n<\/ul>\n\n\n\n<p><\/p>\n\n\n\n<p>Si te encuentras en alguna de estas situaciones, no entres en p\u00e1nico.<\/p>\n\n\n\n<p>No inicies una cadena de malas decisiones.<\/p>\n\n\n\n<p><br>No cambies cosas que, quiz\u00e1, no sean el problema.<\/p>\n\n\n\n<p>Mi consejo no solicitado:<\/p>\n\n\n\n<p>No toques nada sin antes hacerte estas preguntas:<\/p>\n\n\n\n<p><strong>\u00bfMis textos consiguen hacer interesante mi oferta?<\/strong><\/p>\n\n\n\n<p>&#8211; Unos textos poco atractivos har\u00e1n que tu producto se percibir\u00e1 como algo descafeinado<\/p>\n\n\n\n<p><strong>\u00bfDispongo de un titular fuerte, realmente atractivo?<\/strong><\/p>\n\n\n\n<p>&#8211; Sin un titular pensado a conciencia, no impulsar\u00e1s a tus visitantes a seguir leyendo para conocer tu oferta<\/p>\n\n\n\n<p><strong>\u00bfC\u00f3mo puedo mejorar la comunicaci\u00f3n de mi propuesta?<\/strong><\/p>\n\n\n\n<p>&#8211; Una comunicaci\u00f3n inadecuada puede llevar a la p\u00e9rdida de oportunidades de negocio<\/p>\n\n\n\n<p><\/p>\n\n\n\n<p>\u00bfQu\u00e9 sucede cuando un cliente llega a un sitio web mal redactado? <\/p>\n\n\n\n<p>\u00bfO cuando se encuentra ante un titular poco atractivo?<\/p>\n\n\n\n<ul class=\"wp-block-list\">\n<li>Que no sigue leyendo<\/li>\n\n\n\n<li>No encuentra lo que busca<\/li>\n\n\n\n<li>Se confunde, se frustra&#8230;<\/li>\n\n\n\n<li>Considera la propuesta una p\u00e9rdida de tiempo&#8230;<\/li>\n<\/ul>\n\n\n\n<ul class=\"wp-block-list\">\n<li>Y hace click en la &#8220;X&#8221; de la pesta\u00f1a de la web<\/li>\n<\/ul>\n\n\n\n<p><\/p>\n\n\n\n<p>Tus textos son tu escaparate al mundo.<\/p>\n\n\n\n<p>Tu carta de ventas es tu mejor vendedor.<\/p>\n\n\n\n<p>Dispones de muy pocos segundos para captar la atenci\u00f3n del p\u00fablico y, como bien sabes, no tendr\u00e1s una segunda oportunidad de causar una primera impresi\u00f3n.<\/p>\n\n\n\n<p>La redacci\u00f3n de los textos de la p\u00e1gina de inicio, las p\u00e1ginas informativas y las p\u00e1ginas de productos\/servicios, son fundamentales para generar conversiones.<\/p>\n\n\n\n<p>La forma en que te comunicas puede vender a miles de personas a la vez pero tambi\u00e9n puede da\u00f1ar gravemente a tu negocio.<\/p>\n\n\n\n<p>Esto te demuestra la tremenda importancia que tiene lo que cuentas y c\u00f3mo lo cuentas.<\/p>\n\n\n\n<p>El copywriting que funciona no es sexy ni glamuroso. Es m\u00e1s sencillo de lo que mucha gente piensa.<\/p>\n\n\n\n<p>No consiste en caer bien a la gente, ni mostrar lo inteligente y creativo que eres, ni siquiera enumerar las caracter\u00edsticas de tu propuesta&#8230;<\/p>\n\n\n\n<p>No va de eso.<\/p>\n\n\n\n<blockquote class=\"wp-block-quote is-layout-flow wp-block-quote-is-layout-flow\">\n<p><strong><em>La redacci\u00f3n de textos persuasivos va de hablar al mercado de sus problemas y hacerle ver c\u00f3mo tu producto o servicio los resuelve.<\/em><\/strong><\/p>\n<\/blockquote>\n\n\n\n<p>S\u00f3lo es eso.<\/p>\n\n\n\n<p>No se trata de escribir palabras vac\u00edas, sino de comprender profundamente a tu audiencia<br>creando mensajes:<\/p>\n\n\n\n<ul class=\"wp-block-list\">\n<li>Que resuenan<\/li>\n\n\n\n<li>Que conectan<\/li>\n\n\n\n<li>Que inspiran acci\u00f3n<\/li>\n\n\n\n<li>Que convierten la curiosidad en deseo<\/li>\n\n\n\n<li>Que transforman el inter\u00e9s en ventas<\/li>\n<\/ul>\n\n\n\n<ul class=\"wp-block-list\">\n<li> Y que finalmente impulsan tu negocio<\/li>\n<\/ul>\n\n\n\n<p><br><br><\/p>\n\n\n\n<p>Como no eres Apple, Amazon o Microsoft, tu logo no va a ser suficiente para vender.<\/p>\n\n\n\n<p>Los colores de tu web ultramoderna no van a atraer a hordas de clientes a lo Walking Dead.<\/p>\n\n\n\n<p>Los clientes no van a confiar en ti porque tengas unas fotos muy bonitas.<\/p>\n\n\n\n<p>Tampoco les va a temblar la tarjeta porque les digas que tienes un equipo multidisciplinar compuesto por grandes profesionales.<\/p>\n\n\n\n<p>Todo eso est\u00e1 bien.<\/p>\n\n\n\n<p>Pero no ser\u00e1 suficiente.<br><\/p>\n\n\n\n<p>Para que los clientes te entreguen el CVV de su tarjeta, tienes que tener muy clara una cosa:<\/p>\n\n\n\n<blockquote class=\"wp-block-quote is-layout-flow wp-block-quote-is-layout-flow\">\n<p><em>Vas a tener que escribir.<\/em><\/p>\n<\/blockquote>\n\n\n\n<p>\u00bfConoces a alguien que compre sin leer?<\/p>\n\n\n\n<p>Tus clientes, tampoco.<\/p>\n\n\n\n<p><\/p>\n\n\n\n<p>Tu sitio web es la pieza m\u00e1s importante del engranaje de tu negocio digital.<\/p>\n\n\n\n<p>En la actualidad, una redacci\u00f3n persuasiva de los textos es vital para el \u00e9xito de los negocios con presencia en internet.<\/p>\n\n\n\n<p>No es f\u00e1cil conseguir que la gente te preste atenci\u00f3n.<\/p>\n\n\n\n<p>Es un reto conseguir que te escuchen ante el ensordecedor ruido en internet.<\/p>\n\n\n\n<p>La era digital ha inundado la red de una gran cantidad de informaci\u00f3n. <\/p>\n\n\n\n<p>Nos encontramos ante un mercado masificado.<\/p>\n\n\n\n<p>Est\u00e1s compitiendo por atenci\u00f3n y tiempo en lugar de dinero, y ambos son muy escasos.<\/p>\n\n\n\n<p>Ante esta realidad:<\/p>\n\n\n\n<blockquote class=\"wp-block-quote is-layout-flow wp-block-quote-is-layout-flow\">\n<p><strong><em>La habilidad de comunicar mensajes atractivos que generen confianza, se convierte en una ventaja competitiva inigualable.<\/em><\/strong><\/p>\n<\/blockquote>\n\n\n\n<p><\/p>\n\n\n\n<p>Tu comunicaci\u00f3n, dice todo de ti.<\/p>\n\n\n\n<p>Y de tu oferta.<\/p>\n\n\n\n<p>Se trata de ofrecer a tu producto, servicio o lo que sea que vendas, la posibilidad de tener las mayores oportunidades de \u00e9xito.<\/p>\n\n\n\n<p>Eso es.<br><\/p>\n\n\n\n<p>\u00bfLa comunicaci\u00f3n de tu web, tu email marketing o tus redes sociales ofrecen esa oportunidad a tu producto?<\/p>\n\n\n\n<p>\u00bfPor qu\u00e9 te van a comprar a ti, si tus textos dicen lo mismo que el resto de textos de internet?<\/p>\n\n\n\n<p>Si comunicas igual que la mayor\u00eda, ser\u00e1s uno m\u00e1s. \u00bfQu\u00e9 te hace pensar que te van a comprar a ti?<\/p>\n\n\n\n<p><\/p>\n\n\n\n<p>Para la venta, por ejemplo, es mejor que alguien se indigne a dejarlo indiferente.<\/p>\n\n\n\n<p>Deja a un lado tus prejuicios.<\/p>\n\n\n\n<p>Ataca de lleno lo que molesta a tu cliente.<\/p>\n\n\n\n<p>Que entienda que tu producto o servicio es el mejor remedio a su dolor.<\/p>\n\n\n\n<p>Que has pensado en \u00e9l para ayudarle a vencer aquello que le atormenta y le roba el sue\u00f1o, de modo que solo te quiera comprar a t\u00ed.<br><\/p>\n\n\n\n<p>Lo que no le gusta a la gente es leer textos infumables y aburridos que no hablen sobre ellos.<\/p>\n\n\n\n<p><\/p>\n\n\n\n<p>\u00bfPor qu\u00e9 lo digo yo?<\/p>\n\n\n\n<p>No.<\/p>\n\n\n\n<p>Hace m\u00e1s de 100 a\u00f1os lo anunciaban los grandes copywriters de la historia.<\/p>\n\n\n\n<p>Sus postulados, hoy, se muestran m\u00e1s vigentes que nunca.<\/p>\n\n\n\n<p><\/p>\n\n\n\n<p>No somos tan l\u00f3gicos como nos gustar\u00eda.<\/p>\n\n\n\n<p>La mayor\u00eda de nuestras decisiones se basan en motivaciones emocionales que luego tratamos de justificar con procesos l\u00f3gicos.<\/p>\n\n\n\n<p>Si logras llegar hasta esas emociones de tu cliente potencial estar\u00e1s m\u00e1s cerca de la venta.<\/p>\n\n\n\n<p>Igualmente, de acuerdo con la psicolog\u00eda humana, hay dos reglas fundamentales que los textos de tu web deben cumplir, si pretendes vender a lo grande.<\/p>\n\n\n\n<p>Una consigue algo tan preciado c\u00f3mo la atenci\u00f3n de tus clientes, que se detengan a leer y quieran llegar hasta el final.<\/p>\n\n\n\n<p>La otra es un aut\u00e9ntico im\u00e1n atrayendo clientes, para que vayan detr\u00e1s de ti en lugar de perseguirlos t\u00fa.<\/p>\n\n\n\n<p><\/p>\n\n\n\n<p>La diferencia entre marcharse y comprar se encuentra, con frecuencia, en peque\u00f1os matices.<\/p>\n\n\n\n<p>El objetivo es que no descansen hasta que te compren o te contraten.<\/p>\n\n\n\n<p>Una vez has conseguido esto, nadie pondr\u00e1 en duda tus precios, podr\u00e1s vender a un ticket m\u00e1s alto y evitar clientes t\u00f3xicos.<\/p>\n\n\n\n<p>Vender\u00e1s solo a aquellos que est\u00e1n preparados para comprar tu producto, clientes cualificados y evitar\u00e1s competir por precio en tu mercado.<\/p>\n\n\n\n<p>De esto va el copywriting de alto impacto.<\/p>\n\n\n\n<p><\/p>\n\n\n\n<p class=\"has-accent-color has-text-color has-link-color has-large-font-size wp-elements-643043f6cff61ccf2b2b4458d084adfb\"><strong>Lo que no hago<\/strong>&#8230;<\/p>\n\n\n\n<ul class=\"wp-block-list\">\n<li>Enamorar a los lectores<\/li>\n\n\n\n<li>Cambiar vidas<\/li>\n\n\n\n<li>Hacerte millonario en 51 d\u00edas<\/li>\n\n\n\n<li>Escribir textos aburridos<\/li>\n\n\n\n<li>Manipular a trav\u00e9s de los textos<\/li>\n\n\n\n<li>Acupuntura<\/li>\n\n\n\n<li>Magia<\/li>\n<\/ul>\n\n\n\n<p class=\"has-accent-color has-text-color has-link-color has-large-font-size wp-elements-797babdd77d22234d456a1b84f56b342\"><strong>Lo que hago.<\/strong>..<\/p>\n\n\n\n<ul class=\"wp-block-list\">\n<li><strong>Escribo palabras<\/strong> cuidadosamente seleccionadas para motivar al cliente a que ejecute aquella acci\u00f3n que deseas (comprar, contratarte, que se suscriba a tu newsletter, etc.)<\/li>\n\n\n\n<li><strong>Escribo textos<\/strong> para que tus clientes entiendan que van a estar mejor despu\u00e9s de comprar aquello que vendes.<\/li>\n\n\n\n<li><strong>Investigo<\/strong> el mercado para saber qu\u00e9 le molesta<\/li>\n\n\n\n<li><strong>Estudio t\u00e9cnicas de copywriting<\/strong> para que a tus visitantes les entre ganas de comprar.<\/li>\n\n\n\n<li><strong>Me inspiro<\/strong> en todo lo que me rodea para generar empat\u00eda y conocer mejor los desencadenantes psicol\u00f3gicos.<\/li>\n\n\n\n<li><strong>Traslado la esencia de tu producto<\/strong> a la emoci\u00f3n que tu potencial cliente siente al ver resuelto su problema.<\/li>\n<\/ul>\n\n\n\n<p class=\"has-accent-color has-text-color has-link-color has-large-font-size wp-elements-cd75a438075e42d3f4e7a776fdcc833f\"><strong>Escribo textos atrevidos.<\/strong>..<\/p>\n\n\n\n<ul class=\"wp-block-list\">\n<li>Para una comunicaci\u00f3n \u00fanica y destacar como llanto de beb\u00e9 en<br>una biblioteca.<\/li>\n\n\n\n<li>Por ejemplo, \u00bfTe atreves a mostrar un testimonio negativo en tu web?<\/li>\n\n\n\n<li>Si te atreves a contar algo que, a priori, te puede perjudicar, tu autoridad aumentar\u00e1<br>de forma exponencial.<\/li>\n\n\n\n<li>Demostrar\u00e1s una, evidentemente, falta de necesidad que te har\u00e1 mucho m\u00e1s<br>atractivo.<\/li>\n\n\n\n<li>Esto es una herramienta de persuasi\u00f3n excelente.<\/li>\n\n\n\n<li>Un argumento de ventas muy potente.<\/li>\n\n\n\n<li>No dejes escapar las enormes ventajas que tiene hablar mal de uno mismo.<\/li>\n\n\n\n<li>Estos son los textos que realmente funcionan.<\/li>\n\n\n\n<li>Los que activan los mecanismos mentales que impulsan al ser humano a la acci\u00f3n.<\/li>\n<\/ul>\n\n\n\n<p><\/p>\n\n\n\n<p class=\"has-accent-color has-text-color has-link-color has-large-font-size wp-elements-9953c6a626184ec8a59a246abf16c46d\"><strong>No tengas prisa.<\/strong>..<\/p>\n\n\n\n<ul class=\"wp-block-list\">\n<li>Se hace necesario realizar una investigaci\u00f3n profunda del mercado.<\/li>\n\n\n\n<li>Conocer las motivaciones de tus potenciales clientes.<\/li>\n\n\n\n<li>Detectar aquello que le quita el sue\u00f1o a tus clientes.<\/li>\n\n\n\n<li>Examinar exhaustivamente tu producto para conocer los beneficios que le aporta al<br>cliente.<\/li>\n\n\n\n<li>Analizar lo que hace tu competencia.<\/li>\n<\/ul>\n\n\n\n<p class=\"has-accent-color has-text-color has-link-color has-large-font-size wp-elements-6d784c16cd12e9ff58f7e2d20c2e9520\"><strong>\u00bfCuanto cobras?<\/strong><\/p>\n\n\n\n<ul class=\"wp-block-list\">\n<li>No cobro por horas. Depende del proyecto.<\/li>\n\n\n\n<li>Cobro por adelantado, una vez decidido que vamos a trabajar juntos.<\/li>\n\n\n\n<li>Si busca bueno, bonito y barato, no es aqu\u00ed.<\/li>\n\n\n\n<li>Pongo a tu disposici\u00f3n mis conocimientos, algo m\u00e1s valioso que el tiempo y el dinero.<\/li>\n<\/ul>\n\n\n\n<p><\/p>\n\n\n\n<p>PD: este texto no ha sido generado por Inteligencia Artificial.<\/p>\n\n\n\n<p>PD2: en el caso de haber utilizado alguna inteligencia, ha sido la m\u00eda.<\/p>\n","protected":false},"excerpt":{"rendered":"<p>Imagina que alguien est\u00e1 valorando la posibilidad de acudir a una cl\u00ednica dental. Quiere solucionar un problema que le atormenta, tiene los dientes torcidos. Algo que le acompleja y afecta &#8230; <\/p>\n<p class=\"read-more-container\"><a title=\"Inicio\" class=\"read-more button\" href=\"https:\/\/cuadernocrepitante.com\/#more-24\" aria-label=\"Read more about Inicio\">Leer M\u00e1s<\/a><\/p>\n","protected":false},"author":1,"featured_media":2536,"parent":0,"menu_order":0,"comment_status":"closed","ping_status":"closed","template":"","meta":{"_monsterinsights_skip_tracking":false,"_monsterinsights_sitenote_active":false,"_monsterinsights_sitenote_note":"","_monsterinsights_sitenote_category":0,"_uf_show_specific_survey":0,"_uf_disable_surveys":false,"footnotes":""},"class_list":{"0":"post-24","1":"page","2":"type-page","3":"status-publish","4":"has-post-thumbnail","6":"no-featured-image-padding"},"yoast_head":"<!-- This site is optimized with the Yoast SEO plugin v27.4 - https:\/\/yoast.com\/product\/yoast-seo-wordpress\/ -->\n<title>Atenci\u00f3n, Contenido altamente persuasivo - Copy de Alto Impacto<\/title>\n<meta name=\"description\" content=\"As\u00ed como nadie entrar\u00eda en una tienda cuyo escaparate desprende mal aspecto, nadie se parar\u00e1 a leer una web con unos textos poco trabajados.\" \/>\n<meta name=\"robots\" content=\"index, follow, max-snippet:-1, max-image-preview:large, max-video-preview:-1\" \/>\n<link rel=\"canonical\" href=\"https:\/\/cuadernocrepitante.com\/\" \/>\n<meta property=\"og:locale\" content=\"en_US\" \/>\n<meta property=\"og:type\" content=\"article\" \/>\n<meta property=\"og:title\" content=\"Atenci\u00f3n, Contenido altamente persuasivo - Copy de Alto Impacto\" \/>\n<meta property=\"og:description\" content=\"As\u00ed como nadie entrar\u00eda en una tienda cuyo escaparate desprende mal aspecto, nadie se parar\u00e1 a leer una web con unos textos poco trabajados.\" \/>\n<meta property=\"og:url\" content=\"https:\/\/cuadernocrepitante.com\/\" \/>\n<meta property=\"og:site_name\" content=\"Cuaderno Crepitante\" \/>\n<meta property=\"article:modified_time\" content=\"2024-06-17T17:38:39+00:00\" \/>\n<meta property=\"og:image\" content=\"http:\/\/cuadernocrepitante.com\/wp-content\/uploads\/2023\/11\/bc6a55be-8227-4905-97ed-5a4275ded4f2.jpeg\" \/>\n\t<meta property=\"og:image:width\" content=\"1024\" \/>\n\t<meta property=\"og:image:height\" content=\"1024\" \/>\n\t<meta property=\"og:image:type\" content=\"image\/jpeg\" \/>\n<meta name=\"twitter:card\" content=\"summary_large_image\" \/>\n<meta name=\"twitter:label1\" content=\"Est. reading time\" \/>\n\t<meta name=\"twitter:data1\" content=\"9 minutes\" \/>\n<script type=\"application\/ld+json\" class=\"yoast-schema-graph\">{\"@context\":\"https:\\\/\\\/schema.org\",\"@graph\":[{\"@type\":\"WebPage\",\"@id\":\"https:\\\/\\\/cuadernocrepitante.com\\\/\",\"url\":\"https:\\\/\\\/cuadernocrepitante.com\\\/\",\"name\":\"Atenci\u00f3n, Contenido altamente persuasivo - Copy de Alto Impacto\",\"isPartOf\":{\"@id\":\"https:\\\/\\\/cuadernocrepitante.com\\\/#website\"},\"primaryImageOfPage\":{\"@id\":\"https:\\\/\\\/cuadernocrepitante.com\\\/#primaryimage\"},\"image\":{\"@id\":\"https:\\\/\\\/cuadernocrepitante.com\\\/#primaryimage\"},\"thumbnailUrl\":\"https:\\\/\\\/cuadernocrepitante.com\\\/wp-content\\\/uploads\\\/2023\\\/11\\\/bc6a55be-8227-4905-97ed-5a4275ded4f2.jpeg\",\"datePublished\":\"2018-08-22T23:34:01+00:00\",\"dateModified\":\"2024-06-17T17:38:39+00:00\",\"description\":\"As\u00ed como nadie entrar\u00eda en una tienda cuyo escaparate desprende mal aspecto, nadie se parar\u00e1 a leer una web con unos textos poco trabajados.\",\"breadcrumb\":{\"@id\":\"https:\\\/\\\/cuadernocrepitante.com\\\/#breadcrumb\"},\"inLanguage\":\"en-US\",\"potentialAction\":[{\"@type\":\"ReadAction\",\"target\":[\"https:\\\/\\\/cuadernocrepitante.com\\\/\"]}]},{\"@type\":\"ImageObject\",\"inLanguage\":\"en-US\",\"@id\":\"https:\\\/\\\/cuadernocrepitante.com\\\/#primaryimage\",\"url\":\"https:\\\/\\\/cuadernocrepitante.com\\\/wp-content\\\/uploads\\\/2023\\\/11\\\/bc6a55be-8227-4905-97ed-5a4275ded4f2.jpeg\",\"contentUrl\":\"https:\\\/\\\/cuadernocrepitante.com\\\/wp-content\\\/uploads\\\/2023\\\/11\\\/bc6a55be-8227-4905-97ed-5a4275ded4f2.jpeg\",\"width\":1024,\"height\":1024},{\"@type\":\"BreadcrumbList\",\"@id\":\"https:\\\/\\\/cuadernocrepitante.com\\\/#breadcrumb\",\"itemListElement\":[{\"@type\":\"ListItem\",\"position\":1,\"name\":\"Portada\",\"item\":\"https:\\\/\\\/cuadernocrepitante.com\\\/\"},{\"@type\":\"ListItem\",\"position\":2,\"name\":\"Inicio\"}]},{\"@type\":\"WebSite\",\"@id\":\"https:\\\/\\\/cuadernocrepitante.com\\\/#website\",\"url\":\"https:\\\/\\\/cuadernocrepitante.com\\\/\",\"name\":\"Cuaderno Crepitante\",\"description\":\"Copywriting de Alto Impacto\",\"potentialAction\":[{\"@type\":\"SearchAction\",\"target\":{\"@type\":\"EntryPoint\",\"urlTemplate\":\"https:\\\/\\\/cuadernocrepitante.com\\\/?s={search_term_string}\"},\"query-input\":{\"@type\":\"PropertyValueSpecification\",\"valueRequired\":true,\"valueName\":\"search_term_string\"}}],\"inLanguage\":\"en-US\"}]}<\/script>\n<!-- \/ Yoast SEO plugin. -->","yoast_head_json":{"title":"Atenci\u00f3n, Contenido altamente persuasivo - Copy de Alto Impacto","description":"As\u00ed como nadie entrar\u00eda en una tienda cuyo escaparate desprende mal aspecto, nadie se parar\u00e1 a leer una web con unos textos poco trabajados.","robots":{"index":"index","follow":"follow","max-snippet":"max-snippet:-1","max-image-preview":"max-image-preview:large","max-video-preview":"max-video-preview:-1"},"canonical":"https:\/\/cuadernocrepitante.com\/","og_locale":"en_US","og_type":"article","og_title":"Atenci\u00f3n, Contenido altamente persuasivo - Copy de Alto Impacto","og_description":"As\u00ed como nadie entrar\u00eda en una tienda cuyo escaparate desprende mal aspecto, nadie se parar\u00e1 a leer una web con unos textos poco trabajados.","og_url":"https:\/\/cuadernocrepitante.com\/","og_site_name":"Cuaderno Crepitante","article_modified_time":"2024-06-17T17:38:39+00:00","og_image":[{"width":1024,"height":1024,"url":"http:\/\/cuadernocrepitante.com\/wp-content\/uploads\/2023\/11\/bc6a55be-8227-4905-97ed-5a4275ded4f2.jpeg","type":"image\/jpeg"}],"twitter_card":"summary_large_image","twitter_misc":{"Est. reading time":"9 minutes"},"schema":{"@context":"https:\/\/schema.org","@graph":[{"@type":"WebPage","@id":"https:\/\/cuadernocrepitante.com\/","url":"https:\/\/cuadernocrepitante.com\/","name":"Atenci\u00f3n, Contenido altamente persuasivo - Copy de Alto Impacto","isPartOf":{"@id":"https:\/\/cuadernocrepitante.com\/#website"},"primaryImageOfPage":{"@id":"https:\/\/cuadernocrepitante.com\/#primaryimage"},"image":{"@id":"https:\/\/cuadernocrepitante.com\/#primaryimage"},"thumbnailUrl":"https:\/\/cuadernocrepitante.com\/wp-content\/uploads\/2023\/11\/bc6a55be-8227-4905-97ed-5a4275ded4f2.jpeg","datePublished":"2018-08-22T23:34:01+00:00","dateModified":"2024-06-17T17:38:39+00:00","description":"As\u00ed como nadie entrar\u00eda en una tienda cuyo escaparate desprende mal aspecto, nadie se parar\u00e1 a leer una web con unos textos poco trabajados.","breadcrumb":{"@id":"https:\/\/cuadernocrepitante.com\/#breadcrumb"},"inLanguage":"en-US","potentialAction":[{"@type":"ReadAction","target":["https:\/\/cuadernocrepitante.com\/"]}]},{"@type":"ImageObject","inLanguage":"en-US","@id":"https:\/\/cuadernocrepitante.com\/#primaryimage","url":"https:\/\/cuadernocrepitante.com\/wp-content\/uploads\/2023\/11\/bc6a55be-8227-4905-97ed-5a4275ded4f2.jpeg","contentUrl":"https:\/\/cuadernocrepitante.com\/wp-content\/uploads\/2023\/11\/bc6a55be-8227-4905-97ed-5a4275ded4f2.jpeg","width":1024,"height":1024},{"@type":"BreadcrumbList","@id":"https:\/\/cuadernocrepitante.com\/#breadcrumb","itemListElement":[{"@type":"ListItem","position":1,"name":"Portada","item":"https:\/\/cuadernocrepitante.com\/"},{"@type":"ListItem","position":2,"name":"Inicio"}]},{"@type":"WebSite","@id":"https:\/\/cuadernocrepitante.com\/#website","url":"https:\/\/cuadernocrepitante.com\/","name":"Cuaderno Crepitante","description":"Copywriting de Alto Impacto","potentialAction":[{"@type":"SearchAction","target":{"@type":"EntryPoint","urlTemplate":"https:\/\/cuadernocrepitante.com\/?s={search_term_string}"},"query-input":{"@type":"PropertyValueSpecification","valueRequired":true,"valueName":"search_term_string"}}],"inLanguage":"en-US"}]}},"_links":{"self":[{"href":"https:\/\/cuadernocrepitante.com\/index.php\/wp-json\/wp\/v2\/pages\/24","targetHints":{"allow":["GET"]}}],"collection":[{"href":"https:\/\/cuadernocrepitante.com\/index.php\/wp-json\/wp\/v2\/pages"}],"about":[{"href":"https:\/\/cuadernocrepitante.com\/index.php\/wp-json\/wp\/v2\/types\/page"}],"author":[{"embeddable":true,"href":"https:\/\/cuadernocrepitante.com\/index.php\/wp-json\/wp\/v2\/users\/1"}],"replies":[{"embeddable":true,"href":"https:\/\/cuadernocrepitante.com\/index.php\/wp-json\/wp\/v2\/comments?post=24"}],"version-history":[{"count":47,"href":"https:\/\/cuadernocrepitante.com\/index.php\/wp-json\/wp\/v2\/pages\/24\/revisions"}],"predecessor-version":[{"id":3055,"href":"https:\/\/cuadernocrepitante.com\/index.php\/wp-json\/wp\/v2\/pages\/24\/revisions\/3055"}],"wp:featuredmedia":[{"embeddable":true,"href":"https:\/\/cuadernocrepitante.com\/index.php\/wp-json\/wp\/v2\/media\/2536"}],"wp:attachment":[{"href":"https:\/\/cuadernocrepitante.com\/index.php\/wp-json\/wp\/v2\/media?parent=24"}],"curies":[{"name":"wp","href":"https:\/\/api.w.org\/{rel}","templated":true}]}}